{"id":460,"date":"2022-06-15T11:37:37","date_gmt":"2022-06-15T08:37:37","guid":{"rendered":"https:\/\/agritrading.ee\/?page_id=460"},"modified":"2026-02-26T16:40:26","modified_gmt":"2026-02-26T14:40:26","slug":"tooted","status":"publish","type":"page","link":"https:\/\/agritrading.ee\/lv\/tooted\/","title":{"rendered":"Produkti"},"content":{"rendered":"<p>[vc_row css_animation=&#8221;&#8221; row_type=&#8221;row&#8221; use_row_as_full_screen_section=&#8221;no&#8221; type=&#8221;grid&#8221; angled_section=&#8221;no&#8221; text_align=&#8221;left&#8221; background_image_as_pattern=&#8221;without_pattern&#8221; z_index=&#8221;&#8221; css=&#8221;.vc_custom_1523959468193{padding-top: 92px !important;padding-bottom: 91px !important;}&#8221;][vc_column width=&#8221;1\/5&#8243;][vc_column_text]<\/p>\n<h2>Bar\u012bbas sast\u0101vda\u013cas<\/h2>\n<ul>\n<li>Rap\u0161u k\u016bka<\/li>\n<li>Kukur\u016bza<\/li>\n<li>Sojas spraukumi<\/li>\n<li>Silo<\/li>\n<li>Salmi<\/li>\n<li>Siens<\/li>\n<\/ul>\n<p>[\/vc_column_text][vc_empty_space][\/vc_column][vc_column width=&#8221;1\/5&#8243;][vc_column_text]<\/p>\n<h2>Pilnv\u0113rt\u012bg\u0101 un papildbar\u012bba<\/h2>\n<ul>\n<li>C\u016bk\u0101m<\/li>\n<li>Liellopiem<\/li>\n<li>Zirgiem<\/li>\n<li>Ait\u0101m<\/li>\n<li>Da\u017e\u0101diem m\u0101jputniem<\/li>\n<li>Ka\u017eokzv\u0113riem<\/li>\n<li>Karpu ziv\u012bm<\/li>\n<li>Tru\u0161iem<\/li>\n<\/ul>\n<p>[\/vc_column_text][vc_empty_space][\/vc_column][vc_column width=&#8221;1\/5&#8243;][vc_column_text]<\/p>\n<h2>S\u0113klas<\/h2>\n<ul>\n<li>Graudaugi<\/li>\n<li>P\u0101k\u0161augi<\/li>\n<li>Rapsis<\/li>\n<\/ul>\n<p>[\/vc_column_text][vc_empty_space][\/vc_column][vc_column width=&#8221;1\/5&#8243;][vc_column_text]<\/p>\n<h2>M\u0113slo\u0161anas l\u012bdzek\u013ci<\/h2>\n<ul>\n<li>CAN 27<\/li>\n<li>DAP<\/li>\n<li>GMOP<\/li>\n<li>Amonija sulf\u0101ts 21-24<\/li>\n<li>Ka\u013c\u0137i<\/li>\n<\/ul>\n<p>[\/vc_column_text][vc_empty_space][\/vc_column][vc_column width=&#8221;1\/5&#8243;][vc_column_text]<\/p>\n<h2>Bioatkritumi<\/h2>\n<ul>\n<li>Nekvalitat\u012bvi graudi<\/li>\n<li>Nekvalitat\u012bvi salmi, siens, sk\u0101bbar\u012bba<\/li>\n<\/ul>\n<p>[\/vc_column_text][\/vc_column][\/vc_row]<\/p>\n","protected":false},"excerpt":{"rendered":"<p>[vc_row css_animation=&#8221;&#8221; row_type=&#8221;row&#8221; use_row_as_full_screen_section=&#8221;no&#8221; type=&#8221;grid&#8221; angled_section=&#8221;no&#8221; text_align=&#8221;left&#8221; background_image_as_pattern=&#8221;without_pattern&#8221; z_index=&#8221;&#8221; css=&#8221;.vc_custom_1523959468193{padding-top: 92px !important;padding-bottom: 91px !important;}&#8221;][vc_column width=&#8221;1\/5&#8243;][vc_column_text] Bar\u012bbas sast\u0101vda\u013cas Rap\u0161u k\u016bka Kukur\u016bza Sojas spraukumi Silo Salmi Siens [\/vc_column_text][vc_empty_space][\/vc_column][vc_column width=&#8221;1\/5&#8243;][vc_column_text] Pilnv\u0113rt\u012bg\u0101 un papildbar\u012bba C\u016bk\u0101m Liellopiem Zirgiem Ait\u0101m Da\u017e\u0101diem m\u0101jputniem Ka\u017eokzv\u0113riem Karpu ziv\u012bm Tru\u0161iem [\/vc_column_text][vc_empty_space][\/vc_column][vc_column width=&#8221;1\/5&#8243;][vc_column_text] S\u0113klas Graudaugi P\u0101k\u0161augi&#8230;<\/p>\n","protected":false},"author":1,"featured_media":0,"parent":0,"menu_order":0,"comment_status":"closed","ping_status":"closed","template":"full_width.php","meta":{"footnotes":""},"class_list":["post-460","page","type-page","status-publish","hentry"],"yoast_head":"<!-- This site is optimized with the Yoast SEO plugin v27.5 - https:\/\/yoast.com\/product\/yoast-seo-wordpress\/ -->\n<title>Produkti - Agritrading<\/title>\n<meta name=\"robots\" content=\"index, follow, max-snippet:-1, max-image-preview:large, max-video-preview:-1\" \/>\n<link rel=\"canonical\" href=\"https:\/\/agritrading.ee\/tooted\/\" \/>\n<meta property=\"og:locale\" content=\"lv_LV\" \/>\n<meta property=\"og:type\" content=\"article\" \/>\n<meta property=\"og:title\" content=\"Produkti - Agritrading\" \/>\n<meta property=\"og:description\" content=\"[vc_row css_animation=&#8221;&#8221; row_type=&#8221;row&#8221; use_row_as_full_screen_section=&#8221;no&#8221; type=&#8221;grid&#8221; angled_section=&#8221;no&#8221; text_align=&#8221;left&#8221; background_image_as_pattern=&#8221;without_pattern&#8221; z_index=&#8221;&#8221; css=&#8221;.vc_custom_1523959468193{padding-top: 92px !important;padding-bottom: 91px !important;}&#8221;][vc_column width=&#8221;1\/5&#8243;][vc_column_text] Bar\u012bbas sast\u0101vda\u013cas Rap\u0161u k\u016bka Kukur\u016bza Sojas spraukumi Silo Salmi Siens [\/vc_column_text][vc_empty_space][\/vc_column][vc_column width=&#8221;1\/5&#8243;][vc_column_text] Pilnv\u0113rt\u012bg\u0101 un papildbar\u012bba C\u016bk\u0101m Liellopiem Zirgiem Ait\u0101m Da\u017e\u0101diem m\u0101jputniem Ka\u017eokzv\u0113riem Karpu ziv\u012bm Tru\u0161iem [\/vc_column_text][vc_empty_space][\/vc_column][vc_column width=&#8221;1\/5&#8243;][vc_column_text] S\u0113klas Graudaugi P\u0101k\u0161augi...\" \/>\n<meta property=\"og:url\" content=\"https:\/\/agritrading.ee\/tooted\/\" \/>\n<meta property=\"og:site_name\" content=\"Agritrading\" \/>\n<meta property=\"article:modified_time\" content=\"2026-02-26T14:40:26+00:00\" \/>\n<meta name=\"twitter:card\" content=\"summary_large_image\" \/>\n<meta name=\"twitter:label1\" content=\"Est. reading time\" \/>\n\t<meta name=\"twitter:data1\" content=\"1 min\u016bte\" \/>\n<script type=\"application\/ld+json\" class=\"yoast-schema-graph\">{\"@context\":\"https:\\\/\\\/schema.org\",\"@graph\":[{\"@type\":\"WebPage\",\"@id\":\"https:\\\/\\\/agritrading.ee\\\/tooted\\\/\",\"url\":\"https:\\\/\\\/agritrading.ee\\\/tooted\\\/\",\"name\":\"Produkti - Agritrading\",\"isPartOf\":{\"@id\":\"https:\\\/\\\/agritrading.ee\\\/ru\\\/#website\"},\"datePublished\":\"2022-06-15T08:37:37+00:00\",\"dateModified\":\"2026-02-26T14:40:26+00:00\",\"breadcrumb\":{\"@id\":\"https:\\\/\\\/agritrading.ee\\\/tooted\\\/#breadcrumb\"},\"inLanguage\":\"lv-LV\",\"potentialAction\":[{\"@type\":\"ReadAction\",\"target\":[\"https:\\\/\\\/agritrading.ee\\\/tooted\\\/\"]}]},{\"@type\":\"BreadcrumbList\",\"@id\":\"https:\\\/\\\/agritrading.ee\\\/tooted\\\/#breadcrumb\",\"itemListElement\":[{\"@type\":\"ListItem\",\"position\":1,\"name\":\"Home\",\"item\":\"https:\\\/\\\/agritrading.ee\\\/\"},{\"@type\":\"ListItem\",\"position\":2,\"name\":\"Tooted\"}]},{\"@type\":\"WebSite\",\"@id\":\"https:\\\/\\\/agritrading.ee\\\/ru\\\/#website\",\"url\":\"https:\\\/\\\/agritrading.ee\\\/ru\\\/\",\"name\":\"Agritrading\",\"description\":\"\",\"publisher\":{\"@id\":\"https:\\\/\\\/agritrading.ee\\\/ru\\\/#organization\"},\"potentialAction\":[{\"@type\":\"SearchAction\",\"target\":{\"@type\":\"EntryPoint\",\"urlTemplate\":\"https:\\\/\\\/agritrading.ee\\\/ru\\\/?s={search_term_string}\"},\"query-input\":{\"@type\":\"PropertyValueSpecification\",\"valueRequired\":true,\"valueName\":\"search_term_string\"}}],\"inLanguage\":\"lv-LV\"},{\"@type\":\"Organization\",\"@id\":\"https:\\\/\\\/agritrading.ee\\\/ru\\\/#organization\",\"name\":\"Agritrading\",\"url\":\"https:\\\/\\\/agritrading.ee\\\/ru\\\/\",\"logo\":{\"@type\":\"ImageObject\",\"inLanguage\":\"lv-LV\",\"@id\":\"https:\\\/\\\/agritrading.ee\\\/ru\\\/#\\\/schema\\\/logo\\\/image\\\/\",\"url\":\"https:\\\/\\\/agritrading.ee\\\/wp-content\\\/uploads\\\/2022\\\/06\\\/logo.png\",\"contentUrl\":\"https:\\\/\\\/agritrading.ee\\\/wp-content\\\/uploads\\\/2022\\\/06\\\/logo.png\",\"width\":180,\"height\":100,\"caption\":\"Agritrading\"},\"image\":{\"@id\":\"https:\\\/\\\/agritrading.ee\\\/ru\\\/#\\\/schema\\\/logo\\\/image\\\/\"}}]}<\/script>\n<!-- \/ Yoast SEO plugin. -->","yoast_head_json":{"title":"Produkti - Agritrading","robots":{"index":"index","follow":"follow","max-snippet":"max-snippet:-1","max-image-preview":"max-image-preview:large","max-video-preview":"max-video-preview:-1"},"canonical":"https:\/\/agritrading.ee\/tooted\/","og_locale":"lv_LV","og_type":"article","og_title":"Produkti - Agritrading","og_description":"[vc_row css_animation=&#8221;&#8221; row_type=&#8221;row&#8221; use_row_as_full_screen_section=&#8221;no&#8221; type=&#8221;grid&#8221; angled_section=&#8221;no&#8221; text_align=&#8221;left&#8221; background_image_as_pattern=&#8221;without_pattern&#8221; z_index=&#8221;&#8221; css=&#8221;.vc_custom_1523959468193{padding-top: 92px !important;padding-bottom: 91px !important;}&#8221;][vc_column width=&#8221;1\/5&#8243;][vc_column_text] Bar\u012bbas sast\u0101vda\u013cas Rap\u0161u k\u016bka Kukur\u016bza Sojas spraukumi Silo Salmi Siens [\/vc_column_text][vc_empty_space][\/vc_column][vc_column width=&#8221;1\/5&#8243;][vc_column_text] Pilnv\u0113rt\u012bg\u0101 un papildbar\u012bba C\u016bk\u0101m Liellopiem Zirgiem Ait\u0101m Da\u017e\u0101diem m\u0101jputniem Ka\u017eokzv\u0113riem Karpu ziv\u012bm Tru\u0161iem [\/vc_column_text][vc_empty_space][\/vc_column][vc_column width=&#8221;1\/5&#8243;][vc_column_text] S\u0113klas Graudaugi P\u0101k\u0161augi...","og_url":"https:\/\/agritrading.ee\/tooted\/","og_site_name":"Agritrading","article_modified_time":"2026-02-26T14:40:26+00:00","twitter_card":"summary_large_image","twitter_misc":{"Est. reading time":"1 min\u016bte"},"schema":{"@context":"https:\/\/schema.org","@graph":[{"@type":"WebPage","@id":"https:\/\/agritrading.ee\/tooted\/","url":"https:\/\/agritrading.ee\/tooted\/","name":"Produkti - Agritrading","isPartOf":{"@id":"https:\/\/agritrading.ee\/ru\/#website"},"datePublished":"2022-06-15T08:37:37+00:00","dateModified":"2026-02-26T14:40:26+00:00","breadcrumb":{"@id":"https:\/\/agritrading.ee\/tooted\/#breadcrumb"},"inLanguage":"lv-LV","potentialAction":[{"@type":"ReadAction","target":["https:\/\/agritrading.ee\/tooted\/"]}]},{"@type":"BreadcrumbList","@id":"https:\/\/agritrading.ee\/tooted\/#breadcrumb","itemListElement":[{"@type":"ListItem","position":1,"name":"Home","item":"https:\/\/agritrading.ee\/"},{"@type":"ListItem","position":2,"name":"Tooted"}]},{"@type":"WebSite","@id":"https:\/\/agritrading.ee\/ru\/#website","url":"https:\/\/agritrading.ee\/ru\/","name":"Agritrading","description":"","publisher":{"@id":"https:\/\/agritrading.ee\/ru\/#organization"},"potentialAction":[{"@type":"SearchAction","target":{"@type":"EntryPoint","urlTemplate":"https:\/\/agritrading.ee\/ru\/?s={search_term_string}"},"query-input":{"@type":"PropertyValueSpecification","valueRequired":true,"valueName":"search_term_string"}}],"inLanguage":"lv-LV"},{"@type":"Organization","@id":"https:\/\/agritrading.ee\/ru\/#organization","name":"Agritrading","url":"https:\/\/agritrading.ee\/ru\/","logo":{"@type":"ImageObject","inLanguage":"lv-LV","@id":"https:\/\/agritrading.ee\/ru\/#\/schema\/logo\/image\/","url":"https:\/\/agritrading.ee\/wp-content\/uploads\/2022\/06\/logo.png","contentUrl":"https:\/\/agritrading.ee\/wp-content\/uploads\/2022\/06\/logo.png","width":180,"height":100,"caption":"Agritrading"},"image":{"@id":"https:\/\/agritrading.ee\/ru\/#\/schema\/logo\/image\/"}}]}},"_links":{"self":[{"href":"https:\/\/agritrading.ee\/lv\/wp-json\/wp\/v2\/pages\/460","targetHints":{"allow":["GET"]}}],"collection":[{"href":"https:\/\/agritrading.ee\/lv\/wp-json\/wp\/v2\/pages"}],"about":[{"href":"https:\/\/agritrading.ee\/lv\/wp-json\/wp\/v2\/types\/page"}],"author":[{"embeddable":true,"href":"https:\/\/agritrading.ee\/lv\/wp-json\/wp\/v2\/users\/1"}],"replies":[{"embeddable":true,"href":"https:\/\/agritrading.ee\/lv\/wp-json\/wp\/v2\/comments?post=460"}],"version-history":[{"count":28,"href":"https:\/\/agritrading.ee\/lv\/wp-json\/wp\/v2\/pages\/460\/revisions"}],"predecessor-version":[{"id":692,"href":"https:\/\/agritrading.ee\/lv\/wp-json\/wp\/v2\/pages\/460\/revisions\/692"}],"wp:attachment":[{"href":"https:\/\/agritrading.ee\/lv\/wp-json\/wp\/v2\/media?parent=460"}],"curies":[{"name":"wp","href":"https:\/\/api.w.org\/{rel}","templated":true}]}}