{"id":462,"date":"2022-06-15T11:37:48","date_gmt":"2022-06-15T08:37:48","guid":{"rendered":"https:\/\/agritrading.ee\/?page_id=462"},"modified":"2022-06-27T11:17:52","modified_gmt":"2022-06-27T08:17:52","slug":"teenused","status":"publish","type":"page","link":"https:\/\/agritrading.ee\/lv\/teenused\/","title":{"rendered":"Pakalpojumi"},"content":{"rendered":"<p>[vc_row css_animation=&#8221;&#8221; row_type=&#8221;row&#8221; use_row_as_full_screen_section=&#8221;no&#8221; type=&#8221;grid&#8221; angled_section=&#8221;no&#8221; text_align=&#8221;left&#8221; background_image_as_pattern=&#8221;without_pattern&#8221; z_index=&#8221;&#8221; css=&#8221;.vc_custom_1523959468193{padding-top: 92px !important;padding-bottom: 91px !important;}&#8221;][vc_column width=&#8221;1\/2&#8243;][vc_column_text]<\/p>\n<ul>\n<li>Lauksaimniec\u012bbas produktu transport\u0113\u0161ana<\/li>\n<li>Lauku ka\u013c\u0137o\u0161ana<\/li>\n<li>Ar\u0161ana<\/li>\n<li>Kultiv\u0113\u0161ana<\/li>\n<li>S\u0113\u0161ana<\/li>\n<li>Ra\u017eas nov\u0101k\u0161ana<\/li>\n<li>Izsmidzin\u0101\u0161ana<\/li>\n<li>M\u0113slo\u0161ana<\/li>\n<\/ul>\n<p>[\/vc_column_text][vc_empty_space][\/vc_column][vc_column width=&#8221;1\/2&#8243;][vc_column_text]Lauki no 200 ha cenas p\u0113c vieno\u0161an\u0101s<\/p>\n<p>Apmaksas nosac\u012bjumi p\u0113c vieno\u0161an\u0101s, iesp\u0113jama ieskaita ar\u012b graudaugiem. Graudu kalt\u0113\u0161anas un \u0161\u0137iro\u0161anas atkritumus izvedam visu gadu.<\/p>\n<p>Var b\u016bt bijis \u0101r\u0101 l\u012bdz 12 m\u0113ne\u0161iem. Atkritumus utiliz\u0113jam visu gadu, ieskaitot ra\u017eas nov\u0101k\u0161anas sezonu.<\/p>\n<p>&nbsp;<\/p>\n<p>M\u016bsu automa\u0161\u012bn\u0101m ir transportl\u012bdzek\u013cu \u012bpa\u0161nieku civiltiesisk\u0101s atbild\u012bbas apdro\u0161in\u0101\u0161ana un m\u0113s sav\u0101 darb\u0101 iev\u0113rojam HACCP principus.[\/vc_column_text][\/vc_column][\/vc_row]<\/p>\n","protected":false},"excerpt":{"rendered":"<p>[vc_row css_animation=&#8221;&#8221; row_type=&#8221;row&#8221; use_row_as_full_screen_section=&#8221;no&#8221; type=&#8221;grid&#8221; angled_section=&#8221;no&#8221; text_align=&#8221;left&#8221; background_image_as_pattern=&#8221;without_pattern&#8221; z_index=&#8221;&#8221; css=&#8221;.vc_custom_1523959468193{padding-top: 92px !important;padding-bottom: 91px !important;}&#8221;][vc_column width=&#8221;1\/2&#8243;][vc_column_text] Lauksaimniec\u012bbas produktu transport\u0113\u0161ana Lauku ka\u013c\u0137o\u0161ana Ar\u0161ana Kultiv\u0113\u0161ana S\u0113\u0161ana Ra\u017eas nov\u0101k\u0161ana Izsmidzin\u0101\u0161ana M\u0113slo\u0161ana [\/vc_column_text][vc_empty_space][\/vc_column][vc_column width=&#8221;1\/2&#8243;][vc_column_text]Lauki no 200 ha cenas p\u0113c vieno\u0161an\u0101s Apmaksas nosac\u012bjumi p\u0113c vieno\u0161an\u0101s, iesp\u0113jama ieskaita ar\u012b graudaugiem. Graudu kalt\u0113\u0161anas&#8230;<\/p>\n","protected":false},"author":1,"featured_media":0,"parent":0,"menu_order":0,"comment_status":"closed","ping_status":"closed","template":"full_width.php","meta":{"footnotes":""},"class_list":["post-462","page","type-page","status-publish","hentry"],"yoast_head":"<!-- This site is optimized with the Yoast SEO plugin v27.5 - https:\/\/yoast.com\/product\/yoast-seo-wordpress\/ -->\n<title>Pakalpojumi - Agritrading<\/title>\n<meta name=\"robots\" content=\"index, follow, max-snippet:-1, max-image-preview:large, max-video-preview:-1\" \/>\n<link rel=\"canonical\" href=\"https:\/\/agritrading.ee\/teenused\/\" \/>\n<meta property=\"og:locale\" content=\"lv_LV\" \/>\n<meta property=\"og:type\" content=\"article\" \/>\n<meta property=\"og:title\" content=\"Pakalpojumi - Agritrading\" \/>\n<meta property=\"og:description\" content=\"[vc_row css_animation=&#8221;&#8221; row_type=&#8221;row&#8221; use_row_as_full_screen_section=&#8221;no&#8221; type=&#8221;grid&#8221; angled_section=&#8221;no&#8221; text_align=&#8221;left&#8221; background_image_as_pattern=&#8221;without_pattern&#8221; z_index=&#8221;&#8221; css=&#8221;.vc_custom_1523959468193{padding-top: 92px !important;padding-bottom: 91px !important;}&#8221;][vc_column width=&#8221;1\/2&#8243;][vc_column_text] Lauksaimniec\u012bbas produktu transport\u0113\u0161ana Lauku ka\u013c\u0137o\u0161ana Ar\u0161ana Kultiv\u0113\u0161ana S\u0113\u0161ana Ra\u017eas nov\u0101k\u0161ana Izsmidzin\u0101\u0161ana M\u0113slo\u0161ana [\/vc_column_text][vc_empty_space][\/vc_column][vc_column width=&#8221;1\/2&#8243;][vc_column_text]Lauki no 200 ha cenas p\u0113c vieno\u0161an\u0101s Apmaksas nosac\u012bjumi p\u0113c vieno\u0161an\u0101s, iesp\u0113jama ieskaita ar\u012b graudaugiem. Graudu kalt\u0113\u0161anas...\" \/>\n<meta property=\"og:url\" content=\"https:\/\/agritrading.ee\/teenused\/\" \/>\n<meta property=\"og:site_name\" content=\"Agritrading\" \/>\n<meta property=\"article:modified_time\" content=\"2022-06-27T08:17:52+00:00\" \/>\n<meta name=\"twitter:card\" content=\"summary_large_image\" \/>\n<meta name=\"twitter:label1\" content=\"Est. reading time\" \/>\n\t<meta name=\"twitter:data1\" content=\"1 min\u016bte\" \/>\n<script type=\"application\/ld+json\" class=\"yoast-schema-graph\">{\"@context\":\"https:\\\/\\\/schema.org\",\"@graph\":[{\"@type\":\"WebPage\",\"@id\":\"https:\\\/\\\/agritrading.ee\\\/teenused\\\/\",\"url\":\"https:\\\/\\\/agritrading.ee\\\/teenused\\\/\",\"name\":\"Pakalpojumi - Agritrading\",\"isPartOf\":{\"@id\":\"https:\\\/\\\/agritrading.ee\\\/ru\\\/#website\"},\"datePublished\":\"2022-06-15T08:37:48+00:00\",\"dateModified\":\"2022-06-27T08:17:52+00:00\",\"breadcrumb\":{\"@id\":\"https:\\\/\\\/agritrading.ee\\\/teenused\\\/#breadcrumb\"},\"inLanguage\":\"lv-LV\",\"potentialAction\":[{\"@type\":\"ReadAction\",\"target\":[\"https:\\\/\\\/agritrading.ee\\\/teenused\\\/\"]}]},{\"@type\":\"BreadcrumbList\",\"@id\":\"https:\\\/\\\/agritrading.ee\\\/teenused\\\/#breadcrumb\",\"itemListElement\":[{\"@type\":\"ListItem\",\"position\":1,\"name\":\"Home\",\"item\":\"https:\\\/\\\/agritrading.ee\\\/\"},{\"@type\":\"ListItem\",\"position\":2,\"name\":\"Teenused\"}]},{\"@type\":\"WebSite\",\"@id\":\"https:\\\/\\\/agritrading.ee\\\/ru\\\/#website\",\"url\":\"https:\\\/\\\/agritrading.ee\\\/ru\\\/\",\"name\":\"Agritrading\",\"description\":\"\",\"publisher\":{\"@id\":\"https:\\\/\\\/agritrading.ee\\\/ru\\\/#organization\"},\"potentialAction\":[{\"@type\":\"SearchAction\",\"target\":{\"@type\":\"EntryPoint\",\"urlTemplate\":\"https:\\\/\\\/agritrading.ee\\\/ru\\\/?s={search_term_string}\"},\"query-input\":{\"@type\":\"PropertyValueSpecification\",\"valueRequired\":true,\"valueName\":\"search_term_string\"}}],\"inLanguage\":\"lv-LV\"},{\"@type\":\"Organization\",\"@id\":\"https:\\\/\\\/agritrading.ee\\\/ru\\\/#organization\",\"name\":\"Agritrading\",\"url\":\"https:\\\/\\\/agritrading.ee\\\/ru\\\/\",\"logo\":{\"@type\":\"ImageObject\",\"inLanguage\":\"lv-LV\",\"@id\":\"https:\\\/\\\/agritrading.ee\\\/ru\\\/#\\\/schema\\\/logo\\\/image\\\/\",\"url\":\"https:\\\/\\\/agritrading.ee\\\/wp-content\\\/uploads\\\/2022\\\/06\\\/logo.png\",\"contentUrl\":\"https:\\\/\\\/agritrading.ee\\\/wp-content\\\/uploads\\\/2022\\\/06\\\/logo.png\",\"width\":180,\"height\":100,\"caption\":\"Agritrading\"},\"image\":{\"@id\":\"https:\\\/\\\/agritrading.ee\\\/ru\\\/#\\\/schema\\\/logo\\\/image\\\/\"}}]}<\/script>\n<!-- \/ Yoast SEO plugin. -->","yoast_head_json":{"title":"Pakalpojumi - Agritrading","robots":{"index":"index","follow":"follow","max-snippet":"max-snippet:-1","max-image-preview":"max-image-preview:large","max-video-preview":"max-video-preview:-1"},"canonical":"https:\/\/agritrading.ee\/teenused\/","og_locale":"lv_LV","og_type":"article","og_title":"Pakalpojumi - Agritrading","og_description":"[vc_row css_animation=&#8221;&#8221; row_type=&#8221;row&#8221; use_row_as_full_screen_section=&#8221;no&#8221; type=&#8221;grid&#8221; angled_section=&#8221;no&#8221; text_align=&#8221;left&#8221; background_image_as_pattern=&#8221;without_pattern&#8221; z_index=&#8221;&#8221; css=&#8221;.vc_custom_1523959468193{padding-top: 92px !important;padding-bottom: 91px !important;}&#8221;][vc_column width=&#8221;1\/2&#8243;][vc_column_text] Lauksaimniec\u012bbas produktu transport\u0113\u0161ana Lauku ka\u013c\u0137o\u0161ana Ar\u0161ana Kultiv\u0113\u0161ana S\u0113\u0161ana Ra\u017eas nov\u0101k\u0161ana Izsmidzin\u0101\u0161ana M\u0113slo\u0161ana [\/vc_column_text][vc_empty_space][\/vc_column][vc_column width=&#8221;1\/2&#8243;][vc_column_text]Lauki no 200 ha cenas p\u0113c vieno\u0161an\u0101s Apmaksas nosac\u012bjumi p\u0113c vieno\u0161an\u0101s, iesp\u0113jama ieskaita ar\u012b graudaugiem. Graudu kalt\u0113\u0161anas...","og_url":"https:\/\/agritrading.ee\/teenused\/","og_site_name":"Agritrading","article_modified_time":"2022-06-27T08:17:52+00:00","twitter_card":"summary_large_image","twitter_misc":{"Est. reading time":"1 min\u016bte"},"schema":{"@context":"https:\/\/schema.org","@graph":[{"@type":"WebPage","@id":"https:\/\/agritrading.ee\/teenused\/","url":"https:\/\/agritrading.ee\/teenused\/","name":"Pakalpojumi - Agritrading","isPartOf":{"@id":"https:\/\/agritrading.ee\/ru\/#website"},"datePublished":"2022-06-15T08:37:48+00:00","dateModified":"2022-06-27T08:17:52+00:00","breadcrumb":{"@id":"https:\/\/agritrading.ee\/teenused\/#breadcrumb"},"inLanguage":"lv-LV","potentialAction":[{"@type":"ReadAction","target":["https:\/\/agritrading.ee\/teenused\/"]}]},{"@type":"BreadcrumbList","@id":"https:\/\/agritrading.ee\/teenused\/#breadcrumb","itemListElement":[{"@type":"ListItem","position":1,"name":"Home","item":"https:\/\/agritrading.ee\/"},{"@type":"ListItem","position":2,"name":"Teenused"}]},{"@type":"WebSite","@id":"https:\/\/agritrading.ee\/ru\/#website","url":"https:\/\/agritrading.ee\/ru\/","name":"Agritrading","description":"","publisher":{"@id":"https:\/\/agritrading.ee\/ru\/#organization"},"potentialAction":[{"@type":"SearchAction","target":{"@type":"EntryPoint","urlTemplate":"https:\/\/agritrading.ee\/ru\/?s={search_term_string}"},"query-input":{"@type":"PropertyValueSpecification","valueRequired":true,"valueName":"search_term_string"}}],"inLanguage":"lv-LV"},{"@type":"Organization","@id":"https:\/\/agritrading.ee\/ru\/#organization","name":"Agritrading","url":"https:\/\/agritrading.ee\/ru\/","logo":{"@type":"ImageObject","inLanguage":"lv-LV","@id":"https:\/\/agritrading.ee\/ru\/#\/schema\/logo\/image\/","url":"https:\/\/agritrading.ee\/wp-content\/uploads\/2022\/06\/logo.png","contentUrl":"https:\/\/agritrading.ee\/wp-content\/uploads\/2022\/06\/logo.png","width":180,"height":100,"caption":"Agritrading"},"image":{"@id":"https:\/\/agritrading.ee\/ru\/#\/schema\/logo\/image\/"}}]}},"_links":{"self":[{"href":"https:\/\/agritrading.ee\/lv\/wp-json\/wp\/v2\/pages\/462","targetHints":{"allow":["GET"]}}],"collection":[{"href":"https:\/\/agritrading.ee\/lv\/wp-json\/wp\/v2\/pages"}],"about":[{"href":"https:\/\/agritrading.ee\/lv\/wp-json\/wp\/v2\/types\/page"}],"author":[{"embeddable":true,"href":"https:\/\/agritrading.ee\/lv\/wp-json\/wp\/v2\/users\/1"}],"replies":[{"embeddable":true,"href":"https:\/\/agritrading.ee\/lv\/wp-json\/wp\/v2\/comments?post=462"}],"version-history":[{"count":10,"href":"https:\/\/agritrading.ee\/lv\/wp-json\/wp\/v2\/pages\/462\/revisions"}],"predecessor-version":[{"id":608,"href":"https:\/\/agritrading.ee\/lv\/wp-json\/wp\/v2\/pages\/462\/revisions\/608"}],"wp:attachment":[{"href":"https:\/\/agritrading.ee\/lv\/wp-json\/wp\/v2\/media?parent=462"}],"curies":[{"name":"wp","href":"https:\/\/api.w.org\/{rel}","templated":true}]}}