{"id":7,"date":"2022-06-13T09:21:31","date_gmt":"2022-06-13T06:21:31","guid":{"rendered":"http:\/\/bridge221.qodeinteractive.com\/?page_id=7"},"modified":"2022-06-27T11:40:56","modified_gmt":"2022-06-27T08:40:56","slug":"home","status":"publish","type":"page","link":"https:\/\/agritrading.ee\/lv\/","title":{"rendered":"M\u0101jas lapa"},"content":{"rendered":"<p>[vc_row css_animation=&#8221;&#8221; row_type=&#8221;row&#8221; use_row_as_full_screen_section=&#8221;no&#8221; type=&#8221;full_width&#8221; angled_section=&#8221;no&#8221; text_align=&#8221;left&#8221; background_image_as_pattern=&#8221;without_pattern&#8221;][vc_column]\n\t\t\t<!-- START Home REVOLUTION SLIDER 6.5.8 --><p class=\"rs-p-wp-fix\"><\/p>\n\t\t\t<rs-module-wrap id=\"rev_slider_1_1_wrapper\" data-source=\"gallery\" style=\"visibility:hidden;background:#ede9e5;padding:0;\">\n\t\t\t\t<rs-module id=\"rev_slider_1_1\" style=\"\" data-version=\"6.5.8\">\n\t\t\t\t\t<rs-slides>\n\t\t\t\t\t\t<rs-slide style=\"position: absolute;\" data-key=\"rs-1\" data-title=\"Slide\" data-in=\"o:0;\" data-out=\"a:false;\">\n\t\t\t\t\t\t\t<img loading=\"lazy\" decoding=\"async\" src=\"\/\/agritrading.ee\/wp-content\/plugins\/revslider\/public\/assets\/assets\/dummy.png\" title=\"avaleht\" width=\"2000\" height=\"1333\" class=\"rev-slidebg tp-rs-img rs-lazyload\" data-lazyload=\"\/\/agritrading.ee\/wp-content\/uploads\/2022\/06\/avaleht.jpg\" data-parallax=\"9\" data-no-retina>\n<!--\n\t\t\t\t\t\t\t--><rs-layer\n\t\t\t\t\t\t\t\tid=\"slider-1-slide-1-layer-0\" \n\t\t\t\t\t\t\t\tdata-type=\"image\"\n\t\t\t\t\t\t\t\tdata-rsp_ch=\"on\"\n\t\t\t\t\t\t\t\tdata-xy=\"x:c;y:m;\"\n\t\t\t\t\t\t\t\tdata-text=\"w:normal;s:20,15,8,4;l:0,18,10,6;\"\n\t\t\t\t\t\t\t\tdata-dim=\"w:800px,600px,353px,240px;h:86px,64px,37px,26px;\"\n\t\t\t\t\t\t\t\tdata-frame_999=\"o:0;st:w;\"\n\t\t\t\t\t\t\t\tstyle=\"z-index:9;\"\n\t\t\t\t\t\t\t><img loading=\"lazy\" decoding=\"async\" src=\"\/\/agritrading.ee\/wp-content\/plugins\/revslider\/public\/assets\/assets\/dummy.png\" class=\"tp-rs-img rs-lazyload\" width=\"800\" height=\"86\" data-lazyload=\"\/\/agritrading.ee\/wp-content\/uploads\/2022\/06\/Agritrading123.png\" data-no-retina> \n\t\t\t\t\t\t\t<\/rs-layer><!--\n\n\t\t\t\t\t\t\t--><rs-layer\n\t\t\t\t\t\t\t\tid=\"slider-1-slide-1-layer-19\" \n\t\t\t\t\t\t\t\tdata-type=\"image\"\n\t\t\t\t\t\t\t\tdata-rsp_ch=\"on\"\n\t\t\t\t\t\t\t\tdata-xy=\"x:c;y:b;yo:20px;\"\n\t\t\t\t\t\t\t\tdata-text=\"l:22;a:inherit;\"\n\t\t\t\t\t\t\t\tdata-dim=\"w:['39px','39px','39px','39px'];h:['22px','22px','22px','22px'];\"\n\t\t\t\t\t\t\t\tdata-actions='o:click;a:scrollbelow;offset:20px;e:none;'\n\t\t\t\t\t\t\t\tdata-frame_999=\"o:0;st:w;sR:2700;\"\n\t\t\t\t\t\t\t\tstyle=\"z-index:8;\"\n\t\t\t\t\t\t\t><img loading=\"lazy\" decoding=\"async\" src=\"\/\/agritrading.ee\/wp-content\/plugins\/revslider\/public\/assets\/assets\/dummy.png\" alt=\"a\" class=\"tp-rs-img rs-lazyload\" width=\"39\" height=\"22\" data-lazyload=\"\/\/agritrading.ee\/wp-content\/uploads\/2018\/04\/arrow-1.png\" data-no-retina> \n\t\t\t\t\t\t\t<\/rs-layer><!--\n-->\t\t\t\t\t\t<\/rs-slide>\n\t\t\t\t\t<\/rs-slides>\n\t\t\t\t<\/rs-module>\n\t\t\t\t<script type=\"text\/javascript\">\n\t\t\t\t\tsetREVStartSize({c: 'rev_slider_1_1',rl:[1240,1024,778,480],el:[986,768,1022,720],gw:[1920,1441,850,480],gh:[986,768,1022,720],type:'standard',justify:'',layout:'fullscreen',offsetContainer:'',offset:'',mh:\"0\"});if (window.RS_MODULES!==undefined && window.RS_MODULES.modules!==undefined && window.RS_MODULES.modules[\"revslider11\"]!==undefined) {window.RS_MODULES.modules[\"revslider11\"].once = false;window.revapi1 = undefined;if (window.RS_MODULES.checkMinimal!==undefined) window.RS_MODULES.checkMinimal()}\n\t\t\t\t<\/script>\n\t\t\t<\/rs-module-wrap>\n\t\t\t<!-- END REVOLUTION SLIDER -->\n[\/vc_column][\/vc_row][vc_row row_type=&#8221;parallax&#8221; parallax_content_width=&#8221;in_grid&#8221; text_align=&#8221;left&#8221; full_screen_section_height=&#8221;no&#8221; background_image=&#8221;505&#8243;][vc_column css=&#8221;.vc_custom_1655448502085{padding-top: 100px !important;padding-bottom: 100px !important;}&#8221;][qode_elements_holder number_of_columns=&#8221;two_columns&#8221;][qode_elements_holder_item advanced_animations=&#8221;no&#8221; item_padding=&#8221;50px 10% 50px&#8221; item_padding_1280_1440=&#8221;50px 10% 50px&#8221; item_padding_1024_1280=&#8221;30px 10% 30px&#8221; item_padding_768_1024=&#8221;70px 10% 70px&#8221; item_padding_600_768=&#8221;50px 10% 50px&#8221; item_padding_480_600=&#8221;20px 10% 20px&#8221; item_padding_480=&#8221;20px 10% 20px&#8221;][\/qode_elements_holder_item][qode_elements_holder_item advanced_animations=&#8221;no&#8221; item_padding=&#8221;50px 10% 50px&#8221; item_padding_1280_1440=&#8221;50px 10% 50px&#8221; item_padding_1024_1280=&#8221;30px 10% 30px&#8221; item_padding_768_1024=&#8221;70px 10% 70px&#8221; item_padding_600_768=&#8221;50px 10% 50px&#8221; item_padding_480_600=&#8221;20px 10% 20px&#8221; item_padding_480=&#8221;20px 10% 20px&#8221; background_color=&#8221;rgba(0,0,0,0.47)&#8221;][vc_column_text]<\/p>\n<h5 id=\"tw-target-text\" class=\"tw-data-text tw-text-large tw-ta\" dir=\"ltr\" data-placeholder=\"T\u00f5lge\">Uz\u0146\u0113mums Agritrading nodarbojas ar lauksaimniec\u012bbas produkcijas iepirk\u0161anu, p\u0101rdo\u0161anu un p\u0101rvad\u0101\u0161anu. Ir PVD izsniegts BIO sertifik\u0101ts p\u0101rtikas un lopbar\u012bbas graudu izcelsmes produktu p\u0101rvad\u0101\u0161anai un tirdzniec\u012bbai.<\/h5>\n<h5 dir=\"ltr\" data-placeholder=\"T\u00f5lge\"><\/h5>\n<h5 dir=\"ltr\" data-placeholder=\"T\u00f5lge\"><\/h5>\n<p>&nbsp;<\/p>\n<h5 class=\"tw-data-text tw-text-large tw-ta\" dir=\"ltr\" data-placeholder=\"T\u00f5lge\">Sazinieties ar mums, lai sa\u0146emtu lab\u0101ko pied\u0101v\u0101jumu.<\/h5>\n<p>[\/vc_column_text][\/qode_elements_holder_item][\/qode_elements_holder][\/vc_column][\/vc_row][vc_row row_type=&#8221;parallax&#8221; parallax_content_width=&#8221;in_grid&#8221; text_align=&#8221;left&#8221; full_screen_section_height=&#8221;no&#8221; background_image=&#8221;507&#8243; css=&#8221;.vc_custom_1655304804140{padding-top: 122px !important;padding-bottom: 60px !important;}&#8221;][vc_column][qode_elements_holder number_of_columns=&#8221;two_columns&#8221;][qode_elements_holder_item advanced_animations=&#8221;no&#8221; item_padding=&#8221;252px 10% 233px&#8221; item_padding_1280_1440=&#8221;30px 21% 0px 11%&#8221; item_padding_1024_1280=&#8221;30px 10% 0px 9%&#8221; item_padding_768_1024=&#8221;30px 5% 0px 3%&#8221; item_padding_600_768=&#8221;30px 0% 100px 0%&#8221; item_padding_480_600=&#8221;30px 6% 70px 0%&#8221; item_padding_480=&#8221;30px 6% 70px 0%&#8221;][\/qode_elements_holder_item][qode_elements_holder_item advanced_animations=&#8221;no&#8221; item_padding=&#8221;252px 10% 233px&#8221; item_padding_1280_1440=&#8221;252px 10% 233px&#8221; item_padding_1024_1280=&#8221;200px 10% 200px&#8221; item_padding_768_1024=&#8221;150px 10% 150px 7%&#8221; item_padding_600_768=&#8221;120px 0 52px 0&#8243; item_padding_480_600=&#8221;80px 0% 80px&#8221; item_padding_480=&#8221;80px 0% 80px&#8221;]<div class=\"qode_video_box\">\n\t<a itemprop=\"image\" class=\"qode_video_image\" href=\"https:\/\/youtu.be\/RVS8G7t81Wc\" data-rel=\"prettyPhoto\">\n\t\t\t\n\t\t\t<img decoding=\"async\" src=\"https:\/\/agritrading.ee\/wp-content\/uploads\/2022\/06\/poldude_lupjamine-1.png\" \/>\n\t\t\t<span class=\"qode_video_box_button_holder\">\n\t\t\t\t<span class=\"qode_video_box_button\">\n\t\t\t\t\t<span class=\"qode_video_box_button_arrow\">\n\t\t\t\t\t<\/span>\n\t\t\t\t<\/span>\n\t\t\t<\/span>\n\t\t\t<\/a>\n<\/div>[\/qode_elements_holder_item][\/qode_elements_holder][\/vc_column][\/vc_row][vc_row row_type=&#8221;parallax&#8221; parallax_content_width=&#8221;in_grid&#8221; text_align=&#8221;center&#8221; full_screen_section_height=&#8221;no&#8221; background_image=&#8221;502&#8243; css=&#8221;.vc_custom_1655304477076{padding-top: 314px !important;padding-bottom: 330px !important;}&#8221;][vc_column offset=&#8221;vc_col-lg-offset-2 vc_col-lg-8 vc_col-md-offset-1 vc_col-md-10 vc_col-sm-offset-0 vc_col-xs-12&#8243;][qode_elements_holder number_of_columns=&#8221;one_column&#8221;][qode_elements_holder_item advanced_animations=&#8221;no&#8221; item_padding=&#8221;300px 0px 300px 0px&#8221; item_padding_1280_1440=&#8221;170px 0px 180px 0px&#8221; item_padding_1024_1280=&#8221;131px 0px 120px 0px&#8221; item_padding_768_1024=&#8221;181px 0px 170px 0px&#8221; item_padding_600_768=&#8221;281px 0px 270px 0px&#8221; item_padding_480_600=&#8221;72px 0px 73px 0px&#8221; item_padding_480=&#8221;72px 0px 73px 0px&#8221;][vc_column_text]<\/p>\n<h1><span style=\"color: #ffffff;\">Sazinieties<\/span><\/h1>\n<p>[\/vc_column_text][vc_empty_space height=&#8221;50px&#8221;]\n<div class=\"wpcf7 no-js\" id=\"wpcf7-f590-o1\" lang=\"et\" dir=\"ltr\" data-wpcf7-id=\"590\">\n<div class=\"screen-reader-response\"><p role=\"status\" aria-live=\"polite\" aria-atomic=\"true\"><\/p> <ul><\/ul><\/div>\n<form action=\"\/lv\/wp-json\/wp\/v2\/pages\/7#wpcf7-f590-o1\" method=\"post\" class=\"wpcf7-form init cf7_custom_style_2\" aria-label=\"Contact form\" novalidate=\"novalidate\" data-status=\"init\">\n<fieldset class=\"hidden-fields-container\"><input type=\"hidden\" name=\"_wpcf7\" value=\"590\" \/><input type=\"hidden\" name=\"_wpcf7_version\" value=\"6.1.5\" \/><input type=\"hidden\" name=\"_wpcf7_locale\" value=\"et\" \/><input type=\"hidden\" name=\"_wpcf7_unit_tag\" value=\"wpcf7-f590-o1\" \/><input type=\"hidden\" name=\"_wpcf7_container_post\" value=\"0\" \/><input type=\"hidden\" name=\"_wpcf7_posted_data_hash\" value=\"\" \/><input type=\"hidden\" name=\"_wpcf7_recaptcha_response\" value=\"\" \/>\n<\/fieldset>\n<div>\n\t<p><span class=\"wpcf7-form-control-wrap\" data-name=\"your-name\"><input size=\"40\" maxlength=\"400\" class=\"wpcf7-form-control wpcf7-text wpcf7-validates-as-required\" aria-required=\"true\" aria-invalid=\"false\" placeholder=\"V\u0101rds*\" value=\"\" type=\"text\" name=\"your-name\" \/><\/span>\n\t<\/p>\n<\/div>\n<div>\n\t<p><span class=\"wpcf7-form-control-wrap\" data-name=\"your-email\"><input size=\"40\" maxlength=\"400\" class=\"wpcf7-form-control wpcf7-email wpcf7-validates-as-required wpcf7-text wpcf7-validates-as-email\" aria-required=\"true\" aria-invalid=\"false\" placeholder=\"E-pasts*\" value=\"\" type=\"email\" name=\"your-email\" \/><\/span>\n\t<\/p>\n<\/div>\n<div>\n\t<p><span class=\"wpcf7-form-control-wrap\" data-name=\"your-subject\"><input size=\"40\" maxlength=\"400\" class=\"wpcf7-form-control wpcf7-email wpcf7-validates-as-required wpcf7-text wpcf7-validates-as-email\" aria-required=\"true\" aria-invalid=\"false\" placeholder=\"Priek\u0161mets*\" value=\"\" type=\"email\" name=\"your-subject\" \/><\/span>\n\t<\/p>\n<\/div>\n<div>\n\t<p><span class=\"wpcf7-form-control-wrap\" data-name=\"your-message\"><textarea cols=\"40\" rows=\"10\" maxlength=\"2000\" class=\"wpcf7-form-control wpcf7-textarea wpcf7-validates-as-required\" aria-required=\"true\" aria-invalid=\"false\" placeholder=\"Zi\u0146a*\" name=\"your-message\"><\/textarea><\/span>\n\t<\/p>\n<\/div>\n<p><input class=\"wpcf7-form-control wpcf7-submit has-spinner\" type=\"submit\" value=\"S\u016bt\u012bt\" \/>\n<\/p><div class=\"wpcf7-response-output\" aria-hidden=\"true\"><\/div>\n<\/form>\n<\/div>\n[\/qode_elements_holder_item][\/qode_elements_holder][\/vc_column][\/vc_row]<\/p>\n","protected":false},"excerpt":{"rendered":"<p>[vc_row css_animation=&#8221;&#8221; row_type=&#8221;row&#8221; use_row_as_full_screen_section=&#8221;no&#8221; type=&#8221;full_width&#8221; angled_section=&#8221;no&#8221; text_align=&#8221;left&#8221; background_image_as_pattern=&#8221;without_pattern&#8221;][vc_column][\/vc_column][\/vc_row][vc_row row_type=&#8221;parallax&#8221; parallax_content_width=&#8221;in_grid&#8221; text_align=&#8221;left&#8221; full_screen_section_height=&#8221;no&#8221; background_image=&#8221;505&#8243;][vc_column css=&#8221;.vc_custom_1655448502085{padding-top: 100px !important;padding-bottom: 100px !important;}&#8221;][qode_elements_holder number_of_columns=&#8221;two_columns&#8221;][qode_elements_holder_item advanced_animations=&#8221;no&#8221; item_padding=&#8221;50px 10% 50px&#8221; item_padding_1280_1440=&#8221;50px 10% 50px&#8221; item_padding_1024_1280=&#8221;30px 10% 30px&#8221; item_padding_768_1024=&#8221;70px 10% 70px&#8221; item_padding_600_768=&#8221;50px 10% 50px&#8221; item_padding_480_600=&#8221;20px 10% 20px&#8221; item_padding_480=&#8221;20px 10% 20px&#8221;][\/qode_elements_holder_item][qode_elements_holder_item advanced_animations=&#8221;no&#8221; item_padding=&#8221;50px 10% 50px&#8221;&#8230;<\/p>\n","protected":false},"author":1,"featured_media":0,"parent":0,"menu_order":0,"comment_status":"closed","ping_status":"closed","template":"full_width.php","meta":{"footnotes":""},"class_list":["post-7","page","type-page","status-publish","hentry"],"yoast_head":"<!-- This site is optimized with the Yoast SEO plugin v27.6 - https:\/\/yoast.com\/product\/yoast-seo-wordpress\/ -->\n<title>Agritrading<\/title>\n<meta name=\"robots\" content=\"index, follow, max-snippet:-1, max-image-preview:large, max-video-preview:-1\" \/>\n<link rel=\"canonical\" href=\"https:\/\/agritrading.ee\/\" \/>\n<meta property=\"og:locale\" content=\"lv_LV\" \/>\n<meta property=\"og:type\" content=\"article\" \/>\n<meta property=\"og:title\" content=\"Agritrading\" \/>\n<meta property=\"og:description\" content=\"[vc_row css_animation=&#8221;&#8221; row_type=&#8221;row&#8221; use_row_as_full_screen_section=&#8221;no&#8221; type=&#8221;full_width&#8221; angled_section=&#8221;no&#8221; text_align=&#8221;left&#8221; background_image_as_pattern=&#8221;without_pattern&#8221;][vc_column][\/vc_column][\/vc_row][vc_row row_type=&#8221;parallax&#8221; parallax_content_width=&#8221;in_grid&#8221; text_align=&#8221;left&#8221; full_screen_section_height=&#8221;no&#8221; background_image=&#8221;505&#8243;][vc_column css=&#8221;.vc_custom_1655448502085{padding-top: 100px !important;padding-bottom: 100px !important;}&#8221;][qode_elements_holder number_of_columns=&#8221;two_columns&#8221;][qode_elements_holder_item advanced_animations=&#8221;no&#8221; item_padding=&#8221;50px 10% 50px&#8221; item_padding_1280_1440=&#8221;50px 10% 50px&#8221; item_padding_1024_1280=&#8221;30px 10% 30px&#8221; item_padding_768_1024=&#8221;70px 10% 70px&#8221; item_padding_600_768=&#8221;50px 10% 50px&#8221; item_padding_480_600=&#8221;20px 10% 20px&#8221; item_padding_480=&#8221;20px 10% 20px&#8221;][\/qode_elements_holder_item][qode_elements_holder_item advanced_animations=&#8221;no&#8221; item_padding=&#8221;50px 10% 50px&#8221;...\" \/>\n<meta property=\"og:url\" content=\"https:\/\/agritrading.ee\/\" \/>\n<meta property=\"og:site_name\" content=\"Agritrading\" \/>\n<meta property=\"article:modified_time\" content=\"2022-06-27T08:40:56+00:00\" \/>\n<meta name=\"twitter:card\" content=\"summary_large_image\" \/>\n<meta name=\"twitter:label1\" content=\"Est. reading time\" \/>\n\t<meta name=\"twitter:data1\" content=\"2 min\u016btes\" \/>\n<script type=\"application\/ld+json\" class=\"yoast-schema-graph\">{\"@context\":\"https:\\\/\\\/schema.org\",\"@graph\":[{\"@type\":\"WebPage\",\"@id\":\"https:\\\/\\\/agritrading.ee\\\/\",\"url\":\"https:\\\/\\\/agritrading.ee\\\/\",\"name\":\"Agritrading\",\"isPartOf\":{\"@id\":\"https:\\\/\\\/agritrading.ee\\\/ru\\\/#website\"},\"datePublished\":\"2022-06-13T06:21:31+00:00\",\"dateModified\":\"2022-06-27T08:40:56+00:00\",\"breadcrumb\":{\"@id\":\"https:\\\/\\\/agritrading.ee\\\/#breadcrumb\"},\"inLanguage\":\"lv-LV\",\"potentialAction\":[{\"@type\":\"ReadAction\",\"target\":[\"https:\\\/\\\/agritrading.ee\\\/\"]}]},{\"@type\":\"BreadcrumbList\",\"@id\":\"https:\\\/\\\/agritrading.ee\\\/#breadcrumb\",\"itemListElement\":[{\"@type\":\"ListItem\",\"position\":1,\"name\":\"Home\",\"item\":\"https:\\\/\\\/agritrading.ee\\\/\"},{\"@type\":\"ListItem\",\"position\":2,\"name\":\"Avaleht\"}]},{\"@type\":\"WebSite\",\"@id\":\"https:\\\/\\\/agritrading.ee\\\/ru\\\/#website\",\"url\":\"https:\\\/\\\/agritrading.ee\\\/ru\\\/\",\"name\":\"Agritrading\",\"description\":\"\",\"publisher\":{\"@id\":\"https:\\\/\\\/agritrading.ee\\\/ru\\\/#organization\"},\"potentialAction\":[{\"@type\":\"SearchAction\",\"target\":{\"@type\":\"EntryPoint\",\"urlTemplate\":\"https:\\\/\\\/agritrading.ee\\\/ru\\\/?s={search_term_string}\"},\"query-input\":{\"@type\":\"PropertyValueSpecification\",\"valueRequired\":true,\"valueName\":\"search_term_string\"}}],\"inLanguage\":\"lv-LV\"},{\"@type\":\"Organization\",\"@id\":\"https:\\\/\\\/agritrading.ee\\\/ru\\\/#organization\",\"name\":\"Agritrading\",\"url\":\"https:\\\/\\\/agritrading.ee\\\/ru\\\/\",\"logo\":{\"@type\":\"ImageObject\",\"inLanguage\":\"lv-LV\",\"@id\":\"https:\\\/\\\/agritrading.ee\\\/ru\\\/#\\\/schema\\\/logo\\\/image\\\/\",\"url\":\"https:\\\/\\\/agritrading.ee\\\/wp-content\\\/uploads\\\/2022\\\/06\\\/logo.png\",\"contentUrl\":\"https:\\\/\\\/agritrading.ee\\\/wp-content\\\/uploads\\\/2022\\\/06\\\/logo.png\",\"width\":180,\"height\":100,\"caption\":\"Agritrading\"},\"image\":{\"@id\":\"https:\\\/\\\/agritrading.ee\\\/ru\\\/#\\\/schema\\\/logo\\\/image\\\/\"}}]}<\/script>\n<!-- \/ Yoast SEO plugin. -->","yoast_head_json":{"title":"Agritrading","robots":{"index":"index","follow":"follow","max-snippet":"max-snippet:-1","max-image-preview":"max-image-preview:large","max-video-preview":"max-video-preview:-1"},"canonical":"https:\/\/agritrading.ee\/","og_locale":"lv_LV","og_type":"article","og_title":"Agritrading","og_description":"[vc_row css_animation=&#8221;&#8221; row_type=&#8221;row&#8221; use_row_as_full_screen_section=&#8221;no&#8221; type=&#8221;full_width&#8221; angled_section=&#8221;no&#8221; text_align=&#8221;left&#8221; background_image_as_pattern=&#8221;without_pattern&#8221;][vc_column][\/vc_column][\/vc_row][vc_row row_type=&#8221;parallax&#8221; parallax_content_width=&#8221;in_grid&#8221; text_align=&#8221;left&#8221; full_screen_section_height=&#8221;no&#8221; background_image=&#8221;505&#8243;][vc_column css=&#8221;.vc_custom_1655448502085{padding-top: 100px !important;padding-bottom: 100px !important;}&#8221;][qode_elements_holder number_of_columns=&#8221;two_columns&#8221;][qode_elements_holder_item advanced_animations=&#8221;no&#8221; item_padding=&#8221;50px 10% 50px&#8221; item_padding_1280_1440=&#8221;50px 10% 50px&#8221; item_padding_1024_1280=&#8221;30px 10% 30px&#8221; item_padding_768_1024=&#8221;70px 10% 70px&#8221; item_padding_600_768=&#8221;50px 10% 50px&#8221; item_padding_480_600=&#8221;20px 10% 20px&#8221; item_padding_480=&#8221;20px 10% 20px&#8221;][\/qode_elements_holder_item][qode_elements_holder_item advanced_animations=&#8221;no&#8221; item_padding=&#8221;50px 10% 50px&#8221;...","og_url":"https:\/\/agritrading.ee\/","og_site_name":"Agritrading","article_modified_time":"2022-06-27T08:40:56+00:00","twitter_card":"summary_large_image","twitter_misc":{"Est. reading time":"2 min\u016btes"},"schema":{"@context":"https:\/\/schema.org","@graph":[{"@type":"WebPage","@id":"https:\/\/agritrading.ee\/","url":"https:\/\/agritrading.ee\/","name":"Agritrading","isPartOf":{"@id":"https:\/\/agritrading.ee\/ru\/#website"},"datePublished":"2022-06-13T06:21:31+00:00","dateModified":"2022-06-27T08:40:56+00:00","breadcrumb":{"@id":"https:\/\/agritrading.ee\/#breadcrumb"},"inLanguage":"lv-LV","potentialAction":[{"@type":"ReadAction","target":["https:\/\/agritrading.ee\/"]}]},{"@type":"BreadcrumbList","@id":"https:\/\/agritrading.ee\/#breadcrumb","itemListElement":[{"@type":"ListItem","position":1,"name":"Home","item":"https:\/\/agritrading.ee\/"},{"@type":"ListItem","position":2,"name":"Avaleht"}]},{"@type":"WebSite","@id":"https:\/\/agritrading.ee\/ru\/#website","url":"https:\/\/agritrading.ee\/ru\/","name":"Agritrading","description":"","publisher":{"@id":"https:\/\/agritrading.ee\/ru\/#organization"},"potentialAction":[{"@type":"SearchAction","target":{"@type":"EntryPoint","urlTemplate":"https:\/\/agritrading.ee\/ru\/?s={search_term_string}"},"query-input":{"@type":"PropertyValueSpecification","valueRequired":true,"valueName":"search_term_string"}}],"inLanguage":"lv-LV"},{"@type":"Organization","@id":"https:\/\/agritrading.ee\/ru\/#organization","name":"Agritrading","url":"https:\/\/agritrading.ee\/ru\/","logo":{"@type":"ImageObject","inLanguage":"lv-LV","@id":"https:\/\/agritrading.ee\/ru\/#\/schema\/logo\/image\/","url":"https:\/\/agritrading.ee\/wp-content\/uploads\/2022\/06\/logo.png","contentUrl":"https:\/\/agritrading.ee\/wp-content\/uploads\/2022\/06\/logo.png","width":180,"height":100,"caption":"Agritrading"},"image":{"@id":"https:\/\/agritrading.ee\/ru\/#\/schema\/logo\/image\/"}}]}},"_links":{"self":[{"href":"https:\/\/agritrading.ee\/lv\/wp-json\/wp\/v2\/pages\/7","targetHints":{"allow":["GET"]}}],"collection":[{"href":"https:\/\/agritrading.ee\/lv\/wp-json\/wp\/v2\/pages"}],"about":[{"href":"https:\/\/agritrading.ee\/lv\/wp-json\/wp\/v2\/types\/page"}],"author":[{"embeddable":true,"href":"https:\/\/agritrading.ee\/lv\/wp-json\/wp\/v2\/users\/1"}],"replies":[{"embeddable":true,"href":"https:\/\/agritrading.ee\/lv\/wp-json\/wp\/v2\/comments?post=7"}],"version-history":[{"count":70,"href":"https:\/\/agritrading.ee\/lv\/wp-json\/wp\/v2\/pages\/7\/revisions"}],"predecessor-version":[{"id":610,"href":"https:\/\/agritrading.ee\/lv\/wp-json\/wp\/v2\/pages\/7\/revisions\/610"}],"wp:attachment":[{"href":"https:\/\/agritrading.ee\/lv\/wp-json\/wp\/v2\/media?parent=7"}],"curies":[{"name":"wp","href":"https:\/\/api.w.org\/{rel}","templated":true}]}}